{"id":4925,"date":"2024-03-19T16:35:13","date_gmt":"2024-03-19T15:35:13","guid":{"rendered":"https:\/\/connectequipe.com\/about\/"},"modified":"2026-03-02T18:00:02","modified_gmt":"2026-03-02T17:00:02","slug":"nuestro-equipo","status":"publish","type":"page","link":"https:\/\/www.connectequipe.com\/es\/nuestro-equipo\/","title":{"rendered":"Nuestro equipo"},"content":{"rendered":"","protected":false},"excerpt":{"rendered":"<p>Desde hace m\u00e1s de 20 a\u00f1os, ofrecemos a nuestros clientes experiencia, profesionalidad e innovaci\u00f3n constante en el \u00e1mbito de las soluciones inform\u00e1ticas para el sector sociosanitario.<\/p>\n","protected":false},"author":1,"featured_media":0,"parent":0,"menu_order":0,"comment_status":"closed","ping_status":"closed","template":"","meta":{"_acf_changed":false},"class_list":["post-4925","page","type-page","status-publish","hentry"],"acf":[],"yoast_head":"<!-- This site is optimized with the Yoast SEO plugin v27.5 - https:\/\/yoast.com\/product\/yoast-seo-wordpress\/ -->\n<title>Nuestro equipo - Connect Equipe Healthcare<\/title>\n<meta name=\"description\" content=\"Desde hace m\u00e1s de 20 a\u00f1os, ofrecemos a nuestros clientes experiencia, profesionalidad e innovaci\u00f3n constante en el \u00e1mbito de las soluciones inform\u00e1ticas para el sector sociosanitario.\" \/>\n<meta name=\"robots\" content=\"index, follow, max-snippet:-1, max-image-preview:large, max-video-preview:-1\" \/>\n<link rel=\"canonical\" href=\"https:\/\/www.connectequipe.com\/es\/nuestro-equipo\/\" \/>\n<meta property=\"og:locale\" content=\"es_ES\" \/>\n<meta property=\"og:type\" content=\"article\" \/>\n<meta property=\"og:title\" content=\"Nuestro equipo - Connect Equipe Healthcare\" \/>\n<meta property=\"og:description\" content=\"Desde hace m\u00e1s de 20 a\u00f1os, ofrecemos a nuestros clientes experiencia, profesionalidad e innovaci\u00f3n constante en el \u00e1mbito de las soluciones inform\u00e1ticas para el sector sociosanitario.\" \/>\n<meta property=\"og:url\" content=\"https:\/\/www.connectequipe.com\/es\/nuestro-equipo\/\" \/>\n<meta property=\"og:site_name\" content=\"Connect Equipe Healthcare\" \/>\n<meta property=\"article:modified_time\" content=\"2026-03-02T17:00:02+00:00\" \/>\n<meta property=\"og:image\" content=\"https:\/\/www.connectequipe.com\/wp-content\/uploads\/2024\/01\/Cartella-Clinica-Elettronica-Socio-Assistenziale_hero.png\" \/>\n\t<meta property=\"og:image:width\" content=\"1078\" \/>\n\t<meta property=\"og:image:height\" content=\"712\" \/>\n\t<meta property=\"og:image:type\" content=\"image\/png\" \/>\n<meta name=\"twitter:card\" content=\"summary_large_image\" \/>\n<script type=\"application\/ld+json\" class=\"yoast-schema-graph\">{\"@context\":\"https:\\\/\\\/schema.org\",\"@graph\":[{\"@type\":\"WebPage\",\"@id\":\"https:\\\/\\\/www.connectequipe.com\\\/es\\\/nuestro-equipo\\\/\",\"url\":\"https:\\\/\\\/www.connectequipe.com\\\/es\\\/nuestro-equipo\\\/\",\"name\":\"Nuestro equipo - Connect Equipe Healthcare\",\"isPartOf\":{\"@id\":\"https:\\\/\\\/www.connectequipe.com\\\/es\\\/#website\"},\"datePublished\":\"2024-03-19T15:35:13+00:00\",\"dateModified\":\"2026-03-02T17:00:02+00:00\",\"description\":\"Desde hace m\u00e1s de 20 a\u00f1os, ofrecemos a nuestros clientes experiencia, profesionalidad e innovaci\u00f3n constante en el \u00e1mbito de las soluciones inform\u00e1ticas para el sector sociosanitario.\",\"breadcrumb\":{\"@id\":\"https:\\\/\\\/www.connectequipe.com\\\/es\\\/nuestro-equipo\\\/#breadcrumb\"},\"inLanguage\":\"es\",\"potentialAction\":[{\"@type\":\"ReadAction\",\"target\":[\"https:\\\/\\\/www.connectequipe.com\\\/es\\\/nuestro-equipo\\\/\"]}]},{\"@type\":\"BreadcrumbList\",\"@id\":\"https:\\\/\\\/www.connectequipe.com\\\/es\\\/nuestro-equipo\\\/#breadcrumb\",\"itemListElement\":[{\"@type\":\"ListItem\",\"position\":1,\"name\":\"Home\",\"item\":\"https:\\\/\\\/www.connectequipe.com\\\/es\\\/\"},{\"@type\":\"ListItem\",\"position\":2,\"name\":\"Nuestro equipo\"}]},{\"@type\":\"WebSite\",\"@id\":\"https:\\\/\\\/www.connectequipe.com\\\/es\\\/#website\",\"url\":\"https:\\\/\\\/www.connectequipe.com\\\/es\\\/\",\"name\":\"Connect Equipe Healthcare\",\"description\":\"La soluzione dedicata all\u2019equipe di cura che semplifica il tuo lavoro\",\"publisher\":{\"@id\":\"https:\\\/\\\/www.connectequipe.com\\\/es\\\/#organization\"},\"alternateName\":\"Connect Equipe Healthcare\",\"potentialAction\":[{\"@type\":\"SearchAction\",\"target\":{\"@type\":\"EntryPoint\",\"urlTemplate\":\"https:\\\/\\\/www.connectequipe.com\\\/es\\\/?s={search_term_string}\"},\"query-input\":{\"@type\":\"PropertyValueSpecification\",\"valueRequired\":true,\"valueName\":\"search_term_string\"}}],\"inLanguage\":\"es\"},{\"@type\":\"Organization\",\"@id\":\"https:\\\/\\\/www.connectequipe.com\\\/es\\\/#organization\",\"name\":\"Connect Informatics\",\"url\":\"https:\\\/\\\/www.connectequipe.com\\\/es\\\/\",\"logo\":{\"@type\":\"ImageObject\",\"inLanguage\":\"es\",\"@id\":\"https:\\\/\\\/www.connectequipe.com\\\/es\\\/#\\\/schema\\\/logo\\\/image\\\/\",\"url\":\"https:\\\/\\\/www.connectequipe.com\\\/wp-content\\\/uploads\\\/2025\\\/06\\\/connect-base.svg\",\"contentUrl\":\"https:\\\/\\\/www.connectequipe.com\\\/wp-content\\\/uploads\\\/2025\\\/06\\\/connect-base.svg\",\"width\":442,\"height\":151,\"caption\":\"Connect Informatics\"},\"image\":{\"@id\":\"https:\\\/\\\/www.connectequipe.com\\\/es\\\/#\\\/schema\\\/logo\\\/image\\\/\"},\"sameAs\":[\"https:\\\/\\\/www.linkedin.com\\\/company\\\/connect-informatics\"]}]}<\/script>\n<!-- \/ Yoast SEO plugin. -->","yoast_head_json":{"title":"Nuestro equipo - Connect Equipe Healthcare","description":"Desde hace m\u00e1s de 20 a\u00f1os, ofrecemos a nuestros clientes experiencia, profesionalidad e innovaci\u00f3n constante en el \u00e1mbito de las soluciones inform\u00e1ticas para el sector sociosanitario.","robots":{"index":"index","follow":"follow","max-snippet":"max-snippet:-1","max-image-preview":"max-image-preview:large","max-video-preview":"max-video-preview:-1"},"canonical":"https:\/\/www.connectequipe.com\/es\/nuestro-equipo\/","og_locale":"es_ES","og_type":"article","og_title":"Nuestro equipo - Connect Equipe Healthcare","og_description":"Desde hace m\u00e1s de 20 a\u00f1os, ofrecemos a nuestros clientes experiencia, profesionalidad e innovaci\u00f3n constante en el \u00e1mbito de las soluciones inform\u00e1ticas para el sector sociosanitario.","og_url":"https:\/\/www.connectequipe.com\/es\/nuestro-equipo\/","og_site_name":"Connect Equipe Healthcare","article_modified_time":"2026-03-02T17:00:02+00:00","og_image":[{"width":1078,"height":712,"url":"https:\/\/www.connectequipe.com\/wp-content\/uploads\/2024\/01\/Cartella-Clinica-Elettronica-Socio-Assistenziale_hero.png","type":"image\/png"}],"twitter_card":"summary_large_image","schema":{"@context":"https:\/\/schema.org","@graph":[{"@type":"WebPage","@id":"https:\/\/www.connectequipe.com\/es\/nuestro-equipo\/","url":"https:\/\/www.connectequipe.com\/es\/nuestro-equipo\/","name":"Nuestro equipo - Connect Equipe Healthcare","isPartOf":{"@id":"https:\/\/www.connectequipe.com\/es\/#website"},"datePublished":"2024-03-19T15:35:13+00:00","dateModified":"2026-03-02T17:00:02+00:00","description":"Desde hace m\u00e1s de 20 a\u00f1os, ofrecemos a nuestros clientes experiencia, profesionalidad e innovaci\u00f3n constante en el \u00e1mbito de las soluciones inform\u00e1ticas para el sector sociosanitario.","breadcrumb":{"@id":"https:\/\/www.connectequipe.com\/es\/nuestro-equipo\/#breadcrumb"},"inLanguage":"es","potentialAction":[{"@type":"ReadAction","target":["https:\/\/www.connectequipe.com\/es\/nuestro-equipo\/"]}]},{"@type":"BreadcrumbList","@id":"https:\/\/www.connectequipe.com\/es\/nuestro-equipo\/#breadcrumb","itemListElement":[{"@type":"ListItem","position":1,"name":"Home","item":"https:\/\/www.connectequipe.com\/es\/"},{"@type":"ListItem","position":2,"name":"Nuestro equipo"}]},{"@type":"WebSite","@id":"https:\/\/www.connectequipe.com\/es\/#website","url":"https:\/\/www.connectequipe.com\/es\/","name":"Connect Equipe Healthcare","description":"La soluzione dedicata all\u2019equipe di cura che semplifica il tuo lavoro","publisher":{"@id":"https:\/\/www.connectequipe.com\/es\/#organization"},"alternateName":"Connect Equipe Healthcare","potentialAction":[{"@type":"SearchAction","target":{"@type":"EntryPoint","urlTemplate":"https:\/\/www.connectequipe.com\/es\/?s={search_term_string}"},"query-input":{"@type":"PropertyValueSpecification","valueRequired":true,"valueName":"search_term_string"}}],"inLanguage":"es"},{"@type":"Organization","@id":"https:\/\/www.connectequipe.com\/es\/#organization","name":"Connect Informatics","url":"https:\/\/www.connectequipe.com\/es\/","logo":{"@type":"ImageObject","inLanguage":"es","@id":"https:\/\/www.connectequipe.com\/es\/#\/schema\/logo\/image\/","url":"https:\/\/www.connectequipe.com\/wp-content\/uploads\/2025\/06\/connect-base.svg","contentUrl":"https:\/\/www.connectequipe.com\/wp-content\/uploads\/2025\/06\/connect-base.svg","width":442,"height":151,"caption":"Connect Informatics"},"image":{"@id":"https:\/\/www.connectequipe.com\/es\/#\/schema\/logo\/image\/"},"sameAs":["https:\/\/www.linkedin.com\/company\/connect-informatics"]}]}},"_links":{"self":[{"href":"https:\/\/www.connectequipe.com\/es\/wp-json\/wp\/v2\/pages\/4925","targetHints":{"allow":["GET"]}}],"collection":[{"href":"https:\/\/www.connectequipe.com\/es\/wp-json\/wp\/v2\/pages"}],"about":[{"href":"https:\/\/www.connectequipe.com\/es\/wp-json\/wp\/v2\/types\/page"}],"author":[{"embeddable":true,"href":"https:\/\/www.connectequipe.com\/es\/wp-json\/wp\/v2\/users\/1"}],"replies":[{"embeddable":true,"href":"https:\/\/www.connectequipe.com\/es\/wp-json\/wp\/v2\/comments?post=4925"}],"version-history":[{"count":0,"href":"https:\/\/www.connectequipe.com\/es\/wp-json\/wp\/v2\/pages\/4925\/revisions"}],"wp:attachment":[{"href":"https:\/\/www.connectequipe.com\/es\/wp-json\/wp\/v2\/media?parent=4925"}],"curies":[{"name":"wp","href":"https:\/\/api.w.org\/{rel}","templated":true}]}}